{"id":56,"date":"2026-05-07T19:04:34","date_gmt":"2026-05-07T19:04:34","guid":{"rendered":"https:\/\/www.test.neupretennispadel.be\/index.php\/club\/"},"modified":"2026-05-07T19:04:34","modified_gmt":"2026-05-07T19:04:34","slug":"club","status":"publish","type":"page","link":"https:\/\/www.test.neupretennispadel.be\/index.php\/club\/","title":{"rendered":"Le club"},"content":{"rendered":"<p>Le club compte 17 terrains. \u00c0 l&#8217;ext\u00e9rieur, lorsque la saison d&#8217;\u00e9t\u00e9 commence et jusqu&#8217;en septembre, les joueurs ont acc\u00e8s \u00e0 7 terrains en brique pil\u00e9e. 6 d&#8217;entre eux sont \u00e9clair\u00e9s et sont ainsi accessibles jusque 23h. Le club est enti\u00e8rement s\u00e9curis\u00e9 pour les enfants avec un espace de jeux : mur pour s&#8217;entra\u00eener au tennis et module.<\/p>\n<p>En hiver mais \u00e9galement lorsqu&#8217;il pleut en \u00e9t\u00e9, le club dispose d&#8217;un hall \u00e9clair\u00e9 et chauff\u00e9 o\u00f9 les joueurs se rencontrent sur 6 terrains.<\/p>\n<p>Le club compte \u00e9galement une salle de sport et des vestiaires et douches.<\/p>\n<p>Une caf\u00e9t\u00e9ria, accessible 7 jours sur 7, accueille, dans une ambiance conviviale, toutes les personnes, joueurs de tennis ou non, qui d\u00e9sirent boire un verre ou manger. La caf\u00e9t\u00e9ria, vitr\u00e9e, permet une grande visibilit\u00e9 sur les terrains int\u00e9rieurs.<\/p>\n<p>Enfin, 2 grands parkings jouxtent le club de part et d&#8217;autre.<\/p>\n","protected":false},"excerpt":{"rendered":"<p>Le club compte 17 terrains. \u00c0 l&#8217;ext\u00e9rieur, lorsque la saison d&#8217;\u00e9t\u00e9 commence et jusqu&#8217;en septembre, les joueurs ont acc\u00e8s \u00e0 7 terrains en brique pil\u00e9e. 6 d&#8217;entre eux sont \u00e9clair\u00e9s et sont ainsi accessibles jusque 23h. Le club est enti\u00e8rement s\u00e9curis\u00e9 pour les enfants avec un espace de jeux : mur pour s&#8217;entra\u00eener au tennis [&hellip;]<\/p>\n","protected":false},"author":1,"featured_media":0,"parent":0,"menu_order":0,"comment_status":"closed","ping_status":"closed","template":"page-templates\/club.php","meta":{"footnotes":""},"class_list":["post-56","page","type-page","status-publish","hentry"],"_links":{"self":[{"href":"https:\/\/www.test.neupretennispadel.be\/index.php\/wp-json\/wp\/v2\/pages\/56","targetHints":{"allow":["GET"]}}],"collection":[{"href":"https:\/\/www.test.neupretennispadel.be\/index.php\/wp-json\/wp\/v2\/pages"}],"about":[{"href":"https:\/\/www.test.neupretennispadel.be\/index.php\/wp-json\/wp\/v2\/types\/page"}],"author":[{"embeddable":true,"href":"https:\/\/www.test.neupretennispadel.be\/index.php\/wp-json\/wp\/v2\/users\/1"}],"replies":[{"embeddable":true,"href":"https:\/\/www.test.neupretennispadel.be\/index.php\/wp-json\/wp\/v2\/comments?post=56"}],"version-history":[{"count":0,"href":"https:\/\/www.test.neupretennispadel.be\/index.php\/wp-json\/wp\/v2\/pages\/56\/revisions"}],"wp:attachment":[{"href":"https:\/\/www.test.neupretennispadel.be\/index.php\/wp-json\/wp\/v2\/media?parent=56"}],"curies":[{"name":"wp","href":"https:\/\/api.w.org\/{rel}","templated":true}]}}