{"id":58,"date":"2026-05-07T19:04:34","date_gmt":"2026-05-07T19:04:34","guid":{"rendered":"https:\/\/www.test.neupretennispadel.be\/index.php\/inscriptions\/"},"modified":"2026-05-07T19:04:34","modified_gmt":"2026-05-07T19:04:34","slug":"inscriptions","status":"publish","type":"page","link":"https:\/\/www.test.neupretennispadel.be\/index.php\/inscriptions\/","title":{"rendered":"Inscriptions"},"content":{"rendered":"<p>Remplir le formulaire d&#8217;inscription saison 2026. Si votre compte est d\u00e9sactiv\u00e9, vous pouvez nous contacter.<\/p>\n<p>R\u00e9gler le montant de la cotisation par virement bancaire.<\/p>\n<p>Attention, TOUS les joueurs et joueuses doivent compl\u00e9ter le formulaire d&#8217;inscription, en ce compris ceux qui ont d\u00e9j\u00e0 pay\u00e9 leur(s) cotisation(s) \u2014 ce document est n\u00e9cessaire pour vous activer dans Webclub.<\/p>\n<p>La licence padel ne sera activ\u00e9e que pour les membres du club avec envoi de la preuve de paiement \u00e0 Olivier Scheyvaerts.<\/p>\n","protected":false},"excerpt":{"rendered":"<p>Remplir le formulaire d&#8217;inscription saison 2026. Si votre compte est d\u00e9sactiv\u00e9, vous pouvez nous contacter. R\u00e9gler le montant de la cotisation par virement bancaire. Attention, TOUS les joueurs et joueuses doivent compl\u00e9ter le formulaire d&#8217;inscription, en ce compris ceux qui ont d\u00e9j\u00e0 pay\u00e9 leur(s) cotisation(s) \u2014 ce document est n\u00e9cessaire pour vous activer dans Webclub. [&hellip;]<\/p>\n","protected":false},"author":1,"featured_media":0,"parent":0,"menu_order":0,"comment_status":"closed","ping_status":"closed","template":"page-templates\/inscriptions.php","meta":{"footnotes":""},"class_list":["post-58","page","type-page","status-publish","hentry"],"_links":{"self":[{"href":"https:\/\/www.test.neupretennispadel.be\/index.php\/wp-json\/wp\/v2\/pages\/58","targetHints":{"allow":["GET"]}}],"collection":[{"href":"https:\/\/www.test.neupretennispadel.be\/index.php\/wp-json\/wp\/v2\/pages"}],"about":[{"href":"https:\/\/www.test.neupretennispadel.be\/index.php\/wp-json\/wp\/v2\/types\/page"}],"author":[{"embeddable":true,"href":"https:\/\/www.test.neupretennispadel.be\/index.php\/wp-json\/wp\/v2\/users\/1"}],"replies":[{"embeddable":true,"href":"https:\/\/www.test.neupretennispadel.be\/index.php\/wp-json\/wp\/v2\/comments?post=58"}],"version-history":[{"count":0,"href":"https:\/\/www.test.neupretennispadel.be\/index.php\/wp-json\/wp\/v2\/pages\/58\/revisions"}],"wp:attachment":[{"href":"https:\/\/www.test.neupretennispadel.be\/index.php\/wp-json\/wp\/v2\/media?parent=58"}],"curies":[{"name":"wp","href":"https:\/\/api.w.org\/{rel}","templated":true}]}}