{"id":59,"date":"2026-05-07T19:04:34","date_gmt":"2026-05-07T19:04:34","guid":{"rendered":"https:\/\/www.test.neupretennispadel.be\/index.php\/accidents\/"},"modified":"2026-05-07T19:04:34","modified_gmt":"2026-05-07T19:04:34","slug":"accidents","status":"publish","type":"page","link":"https:\/\/www.test.neupretennispadel.be\/index.php\/accidents\/","title":{"rendered":"Accidents"},"content":{"rendered":"<p>**Proc\u00e9dure en cas d&#8217;accident**<\/p>\n<p>1. T\u00e9l\u00e9charger et imprimer le formulaire de d\u00e9claration d&#8217;accident de l&#8217;Association Francophone de Tennis.<br \/>\n2. Remplir le formulaire en veillant \u00e0 compl\u00e9ter toutes les rubriques.<br \/>\n3. Envoyer le formulaire rempli et le certificat m\u00e9dical (s&#8217;il existe) par e-mail \u00e0 martine.frere@neupretennispadel.be<\/p>\n<p>Votre d\u00e9claration d&#8217;accident sera envoy\u00e9e \u00e0 ETHIAS via leur syst\u00e8me informatique EXTRANET.<\/p>\n","protected":false},"excerpt":{"rendered":"<p>**Proc\u00e9dure en cas d&#8217;accident** 1. T\u00e9l\u00e9charger et imprimer le formulaire de d\u00e9claration d&#8217;accident de l&#8217;Association Francophone de Tennis. 2. Remplir le formulaire en veillant \u00e0 compl\u00e9ter toutes les rubriques. 3. Envoyer le formulaire rempli et le certificat m\u00e9dical (s&#8217;il existe) par e-mail \u00e0 martine.frere@neupretennispadel.be Votre d\u00e9claration d&#8217;accident sera envoy\u00e9e \u00e0 ETHIAS via leur syst\u00e8me informatique [&hellip;]<\/p>\n","protected":false},"author":1,"featured_media":0,"parent":0,"menu_order":0,"comment_status":"closed","ping_status":"closed","template":"page-templates\/accidents.php","meta":{"footnotes":""},"class_list":["post-59","page","type-page","status-publish","hentry"],"_links":{"self":[{"href":"https:\/\/www.test.neupretennispadel.be\/index.php\/wp-json\/wp\/v2\/pages\/59","targetHints":{"allow":["GET"]}}],"collection":[{"href":"https:\/\/www.test.neupretennispadel.be\/index.php\/wp-json\/wp\/v2\/pages"}],"about":[{"href":"https:\/\/www.test.neupretennispadel.be\/index.php\/wp-json\/wp\/v2\/types\/page"}],"author":[{"embeddable":true,"href":"https:\/\/www.test.neupretennispadel.be\/index.php\/wp-json\/wp\/v2\/users\/1"}],"replies":[{"embeddable":true,"href":"https:\/\/www.test.neupretennispadel.be\/index.php\/wp-json\/wp\/v2\/comments?post=59"}],"version-history":[{"count":0,"href":"https:\/\/www.test.neupretennispadel.be\/index.php\/wp-json\/wp\/v2\/pages\/59\/revisions"}],"wp:attachment":[{"href":"https:\/\/www.test.neupretennispadel.be\/index.php\/wp-json\/wp\/v2\/media?parent=59"}],"curies":[{"name":"wp","href":"https:\/\/api.w.org\/{rel}","templated":true}]}}