{"id":60,"date":"2026-05-07T19:04:34","date_gmt":"2026-05-07T19:04:34","guid":{"rendered":"https:\/\/www.test.neupretennispadel.be\/index.php\/reglement\/"},"modified":"2026-05-07T19:04:34","modified_gmt":"2026-05-07T19:04:34","slug":"reglement","status":"publish","type":"page","link":"https:\/\/www.test.neupretennispadel.be\/index.php\/reglement\/","title":{"rendered":"R\u00e8glement d&#8217;ordre int\u00e9rieur"},"content":{"rendered":"<p>T\u00e9l\u00e9chargez ci-dessous le r\u00e8glement d&#8217;ordre int\u00e9rieur du Tennis &#038; Padel Club Neupr\u00e9. Ce document d\u00e9taille les r\u00e8gles de vie au sein du club, l&#8217;utilisation des installations et les bonnes pratiques sportives.<\/p>\n","protected":false},"excerpt":{"rendered":"<p>T\u00e9l\u00e9chargez ci-dessous le r\u00e8glement d&#8217;ordre int\u00e9rieur du Tennis &#038; Padel Club Neupr\u00e9. Ce document d\u00e9taille les r\u00e8gles de vie au sein du club, l&#8217;utilisation des installations et les bonnes pratiques sportives.<\/p>\n","protected":false},"author":1,"featured_media":0,"parent":0,"menu_order":0,"comment_status":"closed","ping_status":"closed","template":"page-templates\/reglement.php","meta":{"footnotes":""},"class_list":["post-60","page","type-page","status-publish","hentry"],"_links":{"self":[{"href":"https:\/\/www.test.neupretennispadel.be\/index.php\/wp-json\/wp\/v2\/pages\/60","targetHints":{"allow":["GET"]}}],"collection":[{"href":"https:\/\/www.test.neupretennispadel.be\/index.php\/wp-json\/wp\/v2\/pages"}],"about":[{"href":"https:\/\/www.test.neupretennispadel.be\/index.php\/wp-json\/wp\/v2\/types\/page"}],"author":[{"embeddable":true,"href":"https:\/\/www.test.neupretennispadel.be\/index.php\/wp-json\/wp\/v2\/users\/1"}],"replies":[{"embeddable":true,"href":"https:\/\/www.test.neupretennispadel.be\/index.php\/wp-json\/wp\/v2\/comments?post=60"}],"version-history":[{"count":0,"href":"https:\/\/www.test.neupretennispadel.be\/index.php\/wp-json\/wp\/v2\/pages\/60\/revisions"}],"wp:attachment":[{"href":"https:\/\/www.test.neupretennispadel.be\/index.php\/wp-json\/wp\/v2\/media?parent=60"}],"curies":[{"name":"wp","href":"https:\/\/api.w.org\/{rel}","templated":true}]}}